{"id":2175,"date":"2023-09-07T17:27:06","date_gmt":"2023-09-07T15:27:06","guid":{"rendered":"https:\/\/stilfibra.com\/il-manifesto-stilfibra\/"},"modified":"2024-12-17T11:46:20","modified_gmt":"2024-12-17T10:46:20","slug":"le-manifeste-stilfibra","status":"publish","type":"page","link":"https:\/\/stilfibra.com\/fr\/le-manifeste-stilfibra\/","title":{"rendered":"Le Manifeste"},"content":{"rendered":"\n<div class=\"wp-block-group con_custom version_one\"><div class=\"wp-block-group__inner-container is-layout-constrained wp-block-group-is-layout-constrained\"><div class=\"wp-block-image margin_auto\">\n<figure class=\"aligncenter size-large is-resized\"><img decoding=\"async\" width=\"1024\" height=\"213\" src=\"https:\/\/stilfibra.com\/wp-content\/uploads\/2023\/09\/logo-stilfibra-1024x213.png\" alt=\"\" class=\"wp-image-205\" style=\"aspect-ratio:4.932203389830509;width:291px;height:auto\" srcset=\"https:\/\/stilfibra.com\/wp-content\/uploads\/2023\/09\/logo-stilfibra-1024x213.png 1024w, https:\/\/stilfibra.com\/wp-content\/uploads\/2023\/09\/logo-stilfibra-300x62.png 300w, https:\/\/stilfibra.com\/wp-content\/uploads\/2023\/09\/logo-stilfibra-768x160.png 768w, https:\/\/stilfibra.com\/wp-content\/uploads\/2023\/09\/logo-stilfibra-1536x319.png 1536w, https:\/\/stilfibra.com\/wp-content\/uploads\/2023\/09\/logo-stilfibra-2048x426.png 2048w\" sizes=\"(max-width: 1024px) 100vw, 1024px\" \/><\/figure>\n<\/div>\n\n\n<h2 class=\"wp-block-heading has-text-align-center custom_serif has-text-color\" style=\"color:#839682\">Le Manifeste : pourquoi choisir un mobilier et un design \u00e9co-durables.<\/h2>\n\n\n\n<p class=\"has-text-align-center\">L&rsquo;\u00e9poque dans laquelle nous vivons nous demande d&rsquo;assumer la responsabilit\u00e9 de r\u00e9cup\u00e9rer, r\u00e9utiliser et revaloriser ce que nous avons d\u00e9j\u00e0, mais aussi de garantir aux g\u00e9n\u00e9rations futures le bien le plus pr\u00e9cieux : la sant\u00e9 de notre plan\u00e8te.<\/p>\n\n\n\n<p class=\"has-text-align-center\">Stilfibra est un produit de design pour votre mobilier durable. Le mat\u00e9riau qui le compose (un m\u00e9lange de d\u00e9chets v\u00e9g\u00e9taux et de plastique PP recycl\u00e9) permet non seulement de r\u00e9duire la production de plastique et donc de CO2, mais garantit \u00e9galement d&rsquo;excellentes performances m\u00e9caniques et une grande durabilit\u00e9, associ\u00e9es \u00e0 un design \u00e0 l&rsquo;esth\u00e9tique intemporelle.<\/p>\n<\/div><\/div>\n\n\n\n<div class=\"wp-block-group con_custom version_one\"><div class=\"wp-block-group__inner-container is-layout-constrained wp-block-group-is-layout-constrained\">\n<h2 class=\"wp-block-heading has-text-align-center custom_serif has-text-color\" style=\"color:#839682\">Erbi, le premier-n\u00e9 de Stilfibra\u00ae<\/h2>\n\n\n\n<p class=\"has-text-align-center\">Erbi est n\u00e9 du constat que le monde des chaises de bureau est essentiellement constitu\u00e9 de plastique. Nous nous sommes demand\u00e9 s&rsquo;il n&rsquo;\u00e9tait pas possible d&#8217;emprunter d&rsquo;autres voies moins impactantes pour l&rsquo;environnement, par exemple en rempla\u00e7ant une partie de ce plastique par quelque chose d&rsquo;organique.<\/p>\n\n\n\n<p class=\"has-text-align-center\">De l\u00e0 est n\u00e9 le d\u00e9sir d&#8217;emprunter une nouvelle voie pour aboutir \u00e0 un produit \u00ab kalos kai agathos \u00bb, beau et bon \u00e0 la fois, comme le disaient nos sages anc\u00eatres grecs.<\/p>\n<\/div><\/div>\n\n\n\n<figure class=\"wp-block-image size-full is-resized image_version_one\"><img decoding=\"async\" width=\"594\" height=\"609\" src=\"https:\/\/stilfibra.com\/wp-content\/uploads\/2023\/09\/Schermata-2023-07-19-alle-10.47-1.png\" alt=\"\" class=\"wp-image-101\" style=\"aspect-ratio:0.9753694581280788;width:840px;height:auto\" srcset=\"https:\/\/stilfibra.com\/wp-content\/uploads\/2023\/09\/Schermata-2023-07-19-alle-10.47-1.png 594w, https:\/\/stilfibra.com\/wp-content\/uploads\/2023\/09\/Schermata-2023-07-19-alle-10.47-1-293x300.png 293w\" sizes=\"(max-width: 594px) 100vw, 594px\" \/><\/figure>\n\n\n\n<div class=\"wp-block-group con_custom paragraph_full has-background\" style=\"background-color:#839682\"><div class=\"wp-block-group__inner-container is-layout-constrained wp-block-group-is-layout-constrained\">\n<h2 class=\"wp-block-heading has-text-align-center custom_serif has-white-color has-text-color\">Le d\u00e9chet devient ressource, la chaise parfum\u00e9e en fibre v\u00e9g\u00e9tale est n\u00e9e<\/h2>\n\n\n\n<p class=\"has-white-color has-text-color has-link-color wp-elements-f9bf37b88f15a69c2f97e41097d0cdc7\">C&rsquo;est du territoire dans lequel nous sommes enracin\u00e9s, la province de Vicence, au nord-est de l&rsquo;Italie, historiquement riche en intelligence et en artisanat, qu&rsquo;est venue la r\u00e9ponse que nous attendions : la coque de notre chaise en plastique recycl\u00e9.<\/p>\n\n\n\n<p class=\"has-white-color has-text-color has-link-color wp-elements-3f7d36cdc18ae1ae3194085b610cb2db\">Erbi est fabriqu\u00e9 \u00e0 partir d&rsquo;un m\u00e9lange de d\u00e9chets v\u00e9g\u00e9taux et de plastique recycl\u00e9 provenant d&rsquo;une cha\u00eene d&rsquo;approvisionnement italienne.<\/p>\n\n\n\n<p class=\"has-white-color has-text-color has-link-color wp-elements-8100b6e726007279b630f6de69cdd060\">Les d\u00e9chets de transformation de nombreux produits ont des applications limit\u00e9es ou inexistantes et doivent donc \u00eatre \u00e9limin\u00e9s \u00e0 la fin du cycle de production. Stilfibra souhaite les r\u00e9cup\u00e9rer et les transformer en biocomposites, poursuivant ainsi un v\u00e9ritable projet d&rsquo;\u00e9conomie circulaire. Les d\u00e9chets cessent d&rsquo;\u00eatre des d\u00e9chets et deviennent une ressource, un nouveau produit, utile et beau.<\/p>\n\n\n\n<p class=\"has-white-color has-text-color has-link-color wp-elements-deb905f7565159c01186615e007b1f57\">De plus, durant la phase de production, nous avons fait une d\u00e9couverte tr\u00e8s agr\u00e9able : gr\u00e2ce au mat\u00e9riau qui la compose, Erbi est une chaise parfum\u00e9e, car les fibres v\u00e9g\u00e9tales conservent leur ar\u00f4me sp\u00e9cifique d&rsquo;origine, ce qui offre une exp\u00e9rience sensorielle unique.<\/p>\n<\/div><\/div>\n\n\n\n<div class=\"wp-block-group con_custom version_one\"><div class=\"wp-block-group__inner-container is-layout-constrained wp-block-group-is-layout-constrained\">\n<h2 class=\"wp-block-heading has-text-align-center custom_serif slim\">Le d\u00e9chet devient ressource, la chaise parfum\u00e9e en fibre v\u00e9g\u00e9tale est n\u00e9e<\/h2>\n<\/div><\/div>\n\n\n\n<div id=\"con_custom\" class=\"wp-block-group con_custom w_15 preset_distances\"><div class=\"wp-block-group__inner-container is-layout-constrained wp-block-group-is-layout-constrained\"><div class=\"wp-block-image center\">\n<figure class=\"aligncenter size-full is-resized\"><img decoding=\"async\" width=\"625\" height=\"626\" src=\"https:\/\/stilfibra.com\/wp-content\/uploads\/2023\/12\/icona-stilfibra-01.png\" alt=\"\" class=\"wp-image-900\" style=\"width:94px;height:auto\" srcset=\"https:\/\/stilfibra.com\/wp-content\/uploads\/2023\/12\/icona-stilfibra-01.png 625w, https:\/\/stilfibra.com\/wp-content\/uploads\/2023\/12\/icona-stilfibra-01-300x300.png 300w, https:\/\/stilfibra.com\/wp-content\/uploads\/2023\/12\/icona-stilfibra-01-150x150.png 150w\" sizes=\"(max-width: 625px) 100vw, 625px\" \/><\/figure>\n<\/div>\n\n\n<p class=\"has-text-align-center\">L&rsquo;utilisation des d\u00e9chets v\u00e9g\u00e9taux donne une nouvelle vie aux d\u00e9chets<\/p>\n<\/div><\/div>\n\n\n\n<div id=\"con_custom\" class=\"wp-block-group con_custom w_15 preset_distances\"><div class=\"wp-block-group__inner-container is-layout-constrained wp-block-group-is-layout-constrained\"><div class=\"wp-block-image center\">\n<figure class=\"aligncenter size-full is-resized\"><img decoding=\"async\" width=\"625\" height=\"625\" src=\"https:\/\/stilfibra.com\/wp-content\/uploads\/2023\/12\/icona-stilfibra-02.png\" alt=\"\" class=\"wp-image-904\" style=\"width:91px;height:auto\" srcset=\"https:\/\/stilfibra.com\/wp-content\/uploads\/2023\/12\/icona-stilfibra-02.png 625w, https:\/\/stilfibra.com\/wp-content\/uploads\/2023\/12\/icona-stilfibra-02-300x300.png 300w, https:\/\/stilfibra.com\/wp-content\/uploads\/2023\/12\/icona-stilfibra-02-150x150.png 150w\" sizes=\"(max-width: 625px) 100vw, 625px\" \/><\/figure>\n<\/div>\n\n\n<p class=\"has-text-align-center\">R\u00e9duire la quantit\u00e9 de d\u00e9chets<\/p>\n<\/div><\/div>\n\n\n\n<div id=\"con_custom\" class=\"wp-block-group con_custom w_15 preset_distances\"><div class=\"wp-block-group__inner-container is-layout-constrained wp-block-group-is-layout-constrained\"><div class=\"wp-block-image center\">\n<figure class=\"aligncenter size-full is-resized\"><img decoding=\"async\" width=\"625\" height=\"626\" src=\"https:\/\/stilfibra.com\/wp-content\/uploads\/2023\/12\/icona-stilfibra-03-1.png\" alt=\"\" class=\"wp-image-906\" style=\"width:93px;height:auto\" srcset=\"https:\/\/stilfibra.com\/wp-content\/uploads\/2023\/12\/icona-stilfibra-03-1.png 625w, https:\/\/stilfibra.com\/wp-content\/uploads\/2023\/12\/icona-stilfibra-03-1-300x300.png 300w, https:\/\/stilfibra.com\/wp-content\/uploads\/2023\/12\/icona-stilfibra-03-1-150x150.png 150w\" sizes=\"(max-width: 625px) 100vw, 625px\" \/><\/figure>\n<\/div>\n\n\n<p class=\"has-text-align-center\">R\u00e9duire la quantit\u00e9 de d\u00e9chets<\/p>\n<\/div><\/div>\n","protected":false},"excerpt":{"rendered":"<p>Stilfibra\u00ae est une marque de mobilier durable cr\u00e9\u00e9e par <a  target=\"_black\"href=\"https:\/\/www.stl-srl.it\">STL Srl Societ\u00e0 Benefit<\/a>.<br \/>\nCompos\u00e9 de d\u00e9chets de fibres v\u00e9g\u00e9tales et de mat\u00e9riaux recycl\u00e9s issus d&rsquo;une cha\u00eene d&rsquo;approvisionnement contr\u00f4l\u00e9e, Stilfibra vise \u00e0 r\u00e9duire la production de plastique et son impact sur notre \u00e9cosyst\u00e8me. L&rsquo;utilisation m\u00eame de moules pr\u00e9existants rend le cycle de production encore moins impactant. L&rsquo;attrait du style italien est renforc\u00e9 par un produit circulaire aux performances ergonomiques et m\u00e9caniques \u00e9lev\u00e9es.<\/p>\n","protected":false},"author":2,"featured_media":2155,"parent":0,"menu_order":0,"comment_status":"closed","ping_status":"closed","template":"page_custom_content.php","meta":{"footnotes":""},"class_list":["post-2175","page","type-page","status-publish","has-post-thumbnail","hentry"],"yoast_head":"<!-- This site is optimized with the Yoast SEO plugin v22.9 - https:\/\/yoast.com\/wordpress\/plugins\/seo\/ -->\n<title>Le Manifeste | Stilfibra, une chaise \u00e0 savourer<\/title>\n<meta name=\"description\" content=\"Avec Stilfibra, nous visons \u00e0 r\u00e9duire la production de plastique et de mat\u00e9riaux qui ont un impact sur l&#039;\u00e9cosyst\u00e8me.\" \/>\n<meta name=\"robots\" content=\"index, follow, max-snippet:-1, max-image-preview:large, max-video-preview:-1\" \/>\n<link rel=\"canonical\" href=\"https:\/\/stilfibra.com\/fr\/le-manifeste-stilfibra\/\" \/>\n<meta property=\"og:locale\" content=\"fr_FR\" \/>\n<meta property=\"og:type\" content=\"article\" \/>\n<meta property=\"og:title\" content=\"Le Manifeste | Stilfibra, une chaise \u00e0 savourer\" \/>\n<meta property=\"og:description\" content=\"Avec Stilfibra, nous visons \u00e0 r\u00e9duire la production de plastique et de mat\u00e9riaux qui ont un impact sur l&#039;\u00e9cosyst\u00e8me.\" \/>\n<meta property=\"og:url\" content=\"https:\/\/stilfibra.com\/fr\/le-manifeste-stilfibra\/\" \/>\n<meta property=\"og:site_name\" content=\"StilFibra\" \/>\n<meta property=\"article:publisher\" content=\"https:\/\/www.facebook.com\/Stilfibra?locale=it_IT\" \/>\n<meta property=\"article:modified_time\" content=\"2024-12-17T10:46:20+00:00\" \/>\n<meta property=\"og:image\" content=\"https:\/\/stilfibra.com\/wp-content\/uploads\/2023\/09\/banner-04-scaled.jpg\" \/>\n\t<meta property=\"og:image:width\" content=\"2560\" \/>\n\t<meta property=\"og:image:height\" content=\"1146\" \/>\n\t<meta property=\"og:image:type\" content=\"image\/jpeg\" \/>\n<meta name=\"twitter:card\" content=\"summary_large_image\" \/>\n<meta name=\"twitter:label1\" content=\"Dur\u00e9e de lecture estim\u00e9e\" \/>\n\t<meta name=\"twitter:data1\" content=\"4 minutes\" \/>\n<script type=\"application\/ld+json\" class=\"yoast-schema-graph\">{\"@context\":\"https:\/\/schema.org\",\"@graph\":[{\"@type\":\"WebPage\",\"@id\":\"https:\/\/stilfibra.com\/fr\/le-manifeste-stilfibra\/\",\"url\":\"https:\/\/stilfibra.com\/fr\/le-manifeste-stilfibra\/\",\"name\":\"Le Manifeste | Stilfibra, une chaise \u00e0 savourer\",\"isPartOf\":{\"@id\":\"https:\/\/stilfibra.com\/fr\/#website\"},\"primaryImageOfPage\":{\"@id\":\"https:\/\/stilfibra.com\/fr\/le-manifeste-stilfibra\/#primaryimage\"},\"image\":{\"@id\":\"https:\/\/stilfibra.com\/fr\/le-manifeste-stilfibra\/#primaryimage\"},\"thumbnailUrl\":\"https:\/\/stilfibra.com\/wp-content\/uploads\/2023\/09\/banner-04-scaled.jpg\",\"datePublished\":\"2023-09-07T15:27:06+00:00\",\"dateModified\":\"2024-12-17T10:46:20+00:00\",\"description\":\"Avec Stilfibra, nous visons \u00e0 r\u00e9duire la production de plastique et de mat\u00e9riaux qui ont un impact sur l'\u00e9cosyst\u00e8me.\",\"breadcrumb\":{\"@id\":\"https:\/\/stilfibra.com\/fr\/le-manifeste-stilfibra\/#breadcrumb\"},\"inLanguage\":\"fr-FR\",\"potentialAction\":[{\"@type\":\"ReadAction\",\"target\":[\"https:\/\/stilfibra.com\/fr\/le-manifeste-stilfibra\/\"]}]},{\"@type\":\"ImageObject\",\"inLanguage\":\"fr-FR\",\"@id\":\"https:\/\/stilfibra.com\/fr\/le-manifeste-stilfibra\/#primaryimage\",\"url\":\"https:\/\/stilfibra.com\/wp-content\/uploads\/2023\/09\/banner-04-scaled.jpg\",\"contentUrl\":\"https:\/\/stilfibra.com\/wp-content\/uploads\/2023\/09\/banner-04-scaled.jpg\",\"width\":2560,\"height\":1146},{\"@type\":\"BreadcrumbList\",\"@id\":\"https:\/\/stilfibra.com\/fr\/le-manifeste-stilfibra\/#breadcrumb\",\"itemListElement\":[{\"@type\":\"ListItem\",\"position\":1,\"name\":\"Home\",\"item\":\"https:\/\/stilfibra.com\/fr\/\"},{\"@type\":\"ListItem\",\"position\":2,\"name\":\"Le Manifeste\"}]},{\"@type\":\"WebSite\",\"@id\":\"https:\/\/stilfibra.com\/fr\/#website\",\"url\":\"https:\/\/stilfibra.com\/fr\/\",\"name\":\"Stilfibra\",\"description\":\"StilFibra\",\"publisher\":{\"@id\":\"https:\/\/stilfibra.com\/fr\/#organization\"},\"potentialAction\":[{\"@type\":\"SearchAction\",\"target\":{\"@type\":\"EntryPoint\",\"urlTemplate\":\"https:\/\/stilfibra.com\/fr\/?s={search_term_string}\"},\"query-input\":\"required name=search_term_string\"}],\"inLanguage\":\"fr-FR\"},{\"@type\":\"Organization\",\"@id\":\"https:\/\/stilfibra.com\/fr\/#organization\",\"name\":\"Stilfibra\",\"url\":\"https:\/\/stilfibra.com\/fr\/\",\"logo\":{\"@type\":\"ImageObject\",\"inLanguage\":\"fr-FR\",\"@id\":\"https:\/\/stilfibra.com\/fr\/#\/schema\/logo\/image\/\",\"url\":\"https:\/\/stilfibra.com\/wp-content\/uploads\/2023\/09\/logo-stilfibra.png\",\"contentUrl\":\"https:\/\/stilfibra.com\/wp-content\/uploads\/2023\/09\/logo-stilfibra.png\",\"width\":3334,\"height\":693,\"caption\":\"Stilfibra\"},\"image\":{\"@id\":\"https:\/\/stilfibra.com\/fr\/#\/schema\/logo\/image\/\"},\"sameAs\":[\"https:\/\/www.facebook.com\/Stilfibra?locale=it_IT\",\"https:\/\/www.instagram.com\/stilfibra\/\"]}]}<\/script>\n<!-- \/ Yoast SEO plugin. -->","yoast_head_json":{"title":"Le Manifeste | Stilfibra, une chaise \u00e0 savourer","description":"Avec Stilfibra, nous visons \u00e0 r\u00e9duire la production de plastique et de mat\u00e9riaux qui ont un impact sur l'\u00e9cosyst\u00e8me.","robots":{"index":"index","follow":"follow","max-snippet":"max-snippet:-1","max-image-preview":"max-image-preview:large","max-video-preview":"max-video-preview:-1"},"canonical":"https:\/\/stilfibra.com\/fr\/le-manifeste-stilfibra\/","og_locale":"fr_FR","og_type":"article","og_title":"Le Manifeste | Stilfibra, une chaise \u00e0 savourer","og_description":"Avec Stilfibra, nous visons \u00e0 r\u00e9duire la production de plastique et de mat\u00e9riaux qui ont un impact sur l'\u00e9cosyst\u00e8me.","og_url":"https:\/\/stilfibra.com\/fr\/le-manifeste-stilfibra\/","og_site_name":"StilFibra","article_publisher":"https:\/\/www.facebook.com\/Stilfibra?locale=it_IT","article_modified_time":"2024-12-17T10:46:20+00:00","og_image":[{"width":2560,"height":1146,"url":"https:\/\/stilfibra.com\/wp-content\/uploads\/2023\/09\/banner-04-scaled.jpg","type":"image\/jpeg"}],"twitter_card":"summary_large_image","twitter_misc":{"Dur\u00e9e de lecture estim\u00e9e":"4 minutes"},"schema":{"@context":"https:\/\/schema.org","@graph":[{"@type":"WebPage","@id":"https:\/\/stilfibra.com\/fr\/le-manifeste-stilfibra\/","url":"https:\/\/stilfibra.com\/fr\/le-manifeste-stilfibra\/","name":"Le Manifeste | Stilfibra, une chaise \u00e0 savourer","isPartOf":{"@id":"https:\/\/stilfibra.com\/fr\/#website"},"primaryImageOfPage":{"@id":"https:\/\/stilfibra.com\/fr\/le-manifeste-stilfibra\/#primaryimage"},"image":{"@id":"https:\/\/stilfibra.com\/fr\/le-manifeste-stilfibra\/#primaryimage"},"thumbnailUrl":"https:\/\/stilfibra.com\/wp-content\/uploads\/2023\/09\/banner-04-scaled.jpg","datePublished":"2023-09-07T15:27:06+00:00","dateModified":"2024-12-17T10:46:20+00:00","description":"Avec Stilfibra, nous visons \u00e0 r\u00e9duire la production de plastique et de mat\u00e9riaux qui ont un impact sur l'\u00e9cosyst\u00e8me.","breadcrumb":{"@id":"https:\/\/stilfibra.com\/fr\/le-manifeste-stilfibra\/#breadcrumb"},"inLanguage":"fr-FR","potentialAction":[{"@type":"ReadAction","target":["https:\/\/stilfibra.com\/fr\/le-manifeste-stilfibra\/"]}]},{"@type":"ImageObject","inLanguage":"fr-FR","@id":"https:\/\/stilfibra.com\/fr\/le-manifeste-stilfibra\/#primaryimage","url":"https:\/\/stilfibra.com\/wp-content\/uploads\/2023\/09\/banner-04-scaled.jpg","contentUrl":"https:\/\/stilfibra.com\/wp-content\/uploads\/2023\/09\/banner-04-scaled.jpg","width":2560,"height":1146},{"@type":"BreadcrumbList","@id":"https:\/\/stilfibra.com\/fr\/le-manifeste-stilfibra\/#breadcrumb","itemListElement":[{"@type":"ListItem","position":1,"name":"Home","item":"https:\/\/stilfibra.com\/fr\/"},{"@type":"ListItem","position":2,"name":"Le Manifeste"}]},{"@type":"WebSite","@id":"https:\/\/stilfibra.com\/fr\/#website","url":"https:\/\/stilfibra.com\/fr\/","name":"Stilfibra","description":"StilFibra","publisher":{"@id":"https:\/\/stilfibra.com\/fr\/#organization"},"potentialAction":[{"@type":"SearchAction","target":{"@type":"EntryPoint","urlTemplate":"https:\/\/stilfibra.com\/fr\/?s={search_term_string}"},"query-input":"required name=search_term_string"}],"inLanguage":"fr-FR"},{"@type":"Organization","@id":"https:\/\/stilfibra.com\/fr\/#organization","name":"Stilfibra","url":"https:\/\/stilfibra.com\/fr\/","logo":{"@type":"ImageObject","inLanguage":"fr-FR","@id":"https:\/\/stilfibra.com\/fr\/#\/schema\/logo\/image\/","url":"https:\/\/stilfibra.com\/wp-content\/uploads\/2023\/09\/logo-stilfibra.png","contentUrl":"https:\/\/stilfibra.com\/wp-content\/uploads\/2023\/09\/logo-stilfibra.png","width":3334,"height":693,"caption":"Stilfibra"},"image":{"@id":"https:\/\/stilfibra.com\/fr\/#\/schema\/logo\/image\/"},"sameAs":["https:\/\/www.facebook.com\/Stilfibra?locale=it_IT","https:\/\/www.instagram.com\/stilfibra\/"]}]}},"acf":[],"_links":{"self":[{"href":"https:\/\/stilfibra.com\/fr\/wp-json\/wp\/v2\/pages\/2175","targetHints":{"allow":["GET"]}}],"collection":[{"href":"https:\/\/stilfibra.com\/fr\/wp-json\/wp\/v2\/pages"}],"about":[{"href":"https:\/\/stilfibra.com\/fr\/wp-json\/wp\/v2\/types\/page"}],"author":[{"embeddable":true,"href":"https:\/\/stilfibra.com\/fr\/wp-json\/wp\/v2\/users\/2"}],"replies":[{"embeddable":true,"href":"https:\/\/stilfibra.com\/fr\/wp-json\/wp\/v2\/comments?post=2175"}],"version-history":[{"count":2,"href":"https:\/\/stilfibra.com\/fr\/wp-json\/wp\/v2\/pages\/2175\/revisions"}],"predecessor-version":[{"id":2508,"href":"https:\/\/stilfibra.com\/fr\/wp-json\/wp\/v2\/pages\/2175\/revisions\/2508"}],"wp:featuredmedia":[{"embeddable":true,"href":"https:\/\/stilfibra.com\/fr\/wp-json\/wp\/v2\/media\/2155"}],"wp:attachment":[{"href":"https:\/\/stilfibra.com\/fr\/wp-json\/wp\/v2\/media?parent=2175"}],"curies":[{"name":"wp","href":"https:\/\/api.w.org\/{rel}","templated":true}]}}