{"id":2512,"date":"2023-09-07T17:27:25","date_gmt":"2023-09-07T15:27:25","guid":{"rendered":"https:\/\/stilfibra.com\/una-sedia-per-ogni-gusto\/"},"modified":"2024-12-17T12:00:18","modified_gmt":"2024-12-17T11:00:18","slug":"une-chaise-pour-chaque-gout","status":"publish","type":"page","link":"https:\/\/stilfibra.com\/fr\/une-chaise-pour-chaque-gout\/","title":{"rendered":"Une chaise pour chaque go\u00fbt"},"content":{"rendered":"\n<div class=\"wp-block-group con_custom version_one\"><div class=\"wp-block-group__inner-container is-layout-constrained wp-block-group-is-layout-constrained\">\n<h2 class=\"wp-block-heading has-text-align-center custom_serif has-text-color\" style=\"color:#839682\">Une chaise parfum\u00e9e pour chaque besoin<\/h2>\n\n\n\n<p class=\"has-text-align-center\">Erbi est propos\u00e9 comme une solution d&rsquo;assise transversale, adapt\u00e9e et adaptable \u00e0 tous les environnements : maison, bureau, magasin, restaurant\u2026 C&rsquo;est pourquoi nous avons con\u00e7u une palette naturelle de 4 couleurs correspondant aux 4 fibres v\u00e9g\u00e9tales que nous utilisons pour la composition de la coque : Caf\u00e9, Camomille, Marc, Miscanthus.<\/p>\n\n\n\n<p class=\"has-text-align-center\">Afin de r\u00e9duire encore les \u00e9missions de CO2 li\u00e9es \u00e0 la production industrielle, un moule pr\u00e9existant a \u00e9t\u00e9 utilis\u00e9 pour am\u00e9liorer les qualit\u00e9s techniques et esth\u00e9tiques du mat\u00e9riau, garantir l&rsquo;ergonomie de l&rsquo;assise et donner au produit final un design unique et durable pour un mobilier bio.<\/p>\n<\/div><\/div>\n\n\n\n<div class=\"wp-block-group con_custom version_one\"><div class=\"wp-block-group__inner-container is-layout-constrained wp-block-group-is-layout-constrained\">\n<figure class=\"wp-block-image size-full\"><img decoding=\"async\" width=\"1000\" height=\"605\" src=\"https:\/\/stilfibra.com\/wp-content\/uploads\/2023\/12\/Livello_138.png\" alt=\"\" class=\"wp-image-849\" srcset=\"https:\/\/stilfibra.com\/wp-content\/uploads\/2023\/12\/Livello_138.png 1000w, https:\/\/stilfibra.com\/wp-content\/uploads\/2023\/12\/Livello_138-300x182.png 300w, https:\/\/stilfibra.com\/wp-content\/uploads\/2023\/12\/Livello_138-768x465.png 768w\" sizes=\"(max-width: 1000px) 100vw, 1000px\" \/><\/figure>\n<\/div><\/div>\n\n\n\n<div class=\"wp-block-group con_custom version_one\"><div class=\"wp-block-group__inner-container is-layout-constrained wp-block-group-is-layout-constrained\">\n<p class=\"has-text-align-center\">Erbi est id\u00e9al pour l&rsquo;ameublement organique : il peut \u00eatre choisi avec des pieds en m\u00e9tal ou en bois, ou pivotant avec des roulettes, pour r\u00e9pondre aux diff\u00e9rentes exigences d&rsquo;utilisation et aussi de go\u00fbt. Les pieds en m\u00e9tal sont disponibles en 4 couleurs diff\u00e9rentes &#8211; blanc, noir, bordeaux, vert &#8211; pour des combinaisons personnalis\u00e9es et originales avec la couleur de la coque.<\/p>\n\n\n\n<p class=\"has-text-align-center\">Le bois utilis\u00e9 est certifi\u00e9 FSC\u00ae chain of custody et provient de for\u00eats contr\u00f4l\u00e9es et \u00e9valu\u00e9es de mani\u00e8re ind\u00e9pendante, conform\u00e9ment aux principes et crit\u00e8res de bonne gestion foresti\u00e8re. La structure des pieds pivotants est en m\u00e9tal, peint en blanc ou en noir, avec des roulettes noires.<\/p>\n<\/div><\/div>\n\n\n\n<div class=\"wp-block-group con_custom paragraph_full has-background\" style=\"background-color:#839682\"><div class=\"wp-block-group__inner-container is-layout-constrained wp-block-group-is-layout-constrained\">\n<h2 class=\"wp-block-heading has-text-align-center custom_serif has-white-color has-text-color\">Erbi est propos\u00e9 en 4 saveurs diff\u00e9rentes.<br>Chaque saveur est un parfum qui correspond \u00e0 la fibre v\u00e9g\u00e9tale utilis\u00e9e et \u00e0 sa couleur naturelle.<\/h2>\n\n\n\n<h2 class=\"wp-block-heading has-text-align-center custom_serif has-white-color has-text-color\">Erbi \u00e0 go\u00fbter et \u00e0 exp\u00e9rimenter !<\/h2>\n<\/div><\/div>\n","protected":false},"excerpt":{"rendered":"<p>Erbi se d\u00e9cline en 4 saveurs diff\u00e9rentes. Chaque parfum correspond \u00e0 la fibre v\u00e9g\u00e9tale utilis\u00e9e et \u00e0 sa couleur naturelle.<\/p>\n","protected":false},"author":2,"featured_media":2251,"parent":0,"menu_order":0,"comment_status":"closed","ping_status":"closed","template":"page_custom_content.php","meta":{"footnotes":""},"class_list":["post-2512","page","type-page","status-publish","has-post-thumbnail","hentry"],"yoast_head":"<!-- This site is optimized with the Yoast SEO plugin v22.9 - https:\/\/yoast.com\/wordpress\/plugins\/seo\/ -->\n<title>Une chaise pour tous les go\u00fbts - Stilfibra\u00ae Bio Furniture<\/title>\n<meta name=\"description\" content=\"Erbi est disponible en 4 saveurs diff\u00e9rentes. D\u00e9couvrez la nouvelle proposition de Stilfibra en mati\u00e8re de mobilier biologique.\" \/>\n<meta name=\"robots\" content=\"index, follow, max-snippet:-1, max-image-preview:large, max-video-preview:-1\" \/>\n<link rel=\"canonical\" href=\"https:\/\/stilfibra.com\/fr\/une-chaise-pour-chaque-gout\/\" \/>\n<meta property=\"og:locale\" content=\"fr_FR\" \/>\n<meta property=\"og:type\" content=\"article\" \/>\n<meta property=\"og:title\" content=\"Une chaise pour tous les go\u00fbts - Stilfibra\u00ae Bio Furniture\" \/>\n<meta property=\"og:description\" content=\"Erbi est disponible en 4 saveurs diff\u00e9rentes. D\u00e9couvrez la nouvelle proposition de Stilfibra en mati\u00e8re de mobilier biologique.\" \/>\n<meta property=\"og:url\" content=\"https:\/\/stilfibra.com\/fr\/une-chaise-pour-chaque-gout\/\" \/>\n<meta property=\"og:site_name\" content=\"StilFibra\" \/>\n<meta property=\"article:publisher\" content=\"https:\/\/www.facebook.com\/Stilfibra?locale=it_IT\" \/>\n<meta property=\"article:modified_time\" content=\"2024-12-17T11:00:18+00:00\" \/>\n<meta property=\"og:image\" content=\"https:\/\/stilfibra.com\/wp-content\/uploads\/2023\/09\/banner-02-1-scaled.jpg\" \/>\n\t<meta property=\"og:image:width\" content=\"2560\" \/>\n\t<meta property=\"og:image:height\" content=\"1146\" \/>\n\t<meta property=\"og:image:type\" content=\"image\/jpeg\" \/>\n<meta name=\"twitter:card\" content=\"summary_large_image\" \/>\n<meta name=\"twitter:label1\" content=\"Dur\u00e9e de lecture estim\u00e9e\" \/>\n\t<meta name=\"twitter:data1\" content=\"2 minutes\" \/>\n<script type=\"application\/ld+json\" class=\"yoast-schema-graph\">{\"@context\":\"https:\/\/schema.org\",\"@graph\":[{\"@type\":\"WebPage\",\"@id\":\"https:\/\/stilfibra.com\/fr\/une-chaise-pour-chaque-gout\/\",\"url\":\"https:\/\/stilfibra.com\/fr\/une-chaise-pour-chaque-gout\/\",\"name\":\"Une chaise pour tous les go\u00fbts - Stilfibra\u00ae Bio Furniture\",\"isPartOf\":{\"@id\":\"https:\/\/stilfibra.com\/fr\/#website\"},\"primaryImageOfPage\":{\"@id\":\"https:\/\/stilfibra.com\/fr\/une-chaise-pour-chaque-gout\/#primaryimage\"},\"image\":{\"@id\":\"https:\/\/stilfibra.com\/fr\/une-chaise-pour-chaque-gout\/#primaryimage\"},\"thumbnailUrl\":\"https:\/\/stilfibra.com\/wp-content\/uploads\/2023\/09\/banner-02-1-scaled.jpg\",\"datePublished\":\"2023-09-07T15:27:25+00:00\",\"dateModified\":\"2024-12-17T11:00:18+00:00\",\"description\":\"Erbi est disponible en 4 saveurs diff\u00e9rentes. D\u00e9couvrez la nouvelle proposition de Stilfibra en mati\u00e8re de mobilier biologique.\",\"breadcrumb\":{\"@id\":\"https:\/\/stilfibra.com\/fr\/une-chaise-pour-chaque-gout\/#breadcrumb\"},\"inLanguage\":\"fr-FR\",\"potentialAction\":[{\"@type\":\"ReadAction\",\"target\":[\"https:\/\/stilfibra.com\/fr\/une-chaise-pour-chaque-gout\/\"]}]},{\"@type\":\"ImageObject\",\"inLanguage\":\"fr-FR\",\"@id\":\"https:\/\/stilfibra.com\/fr\/une-chaise-pour-chaque-gout\/#primaryimage\",\"url\":\"https:\/\/stilfibra.com\/wp-content\/uploads\/2023\/09\/banner-02-1-scaled.jpg\",\"contentUrl\":\"https:\/\/stilfibra.com\/wp-content\/uploads\/2023\/09\/banner-02-1-scaled.jpg\",\"width\":2560,\"height\":1146},{\"@type\":\"BreadcrumbList\",\"@id\":\"https:\/\/stilfibra.com\/fr\/une-chaise-pour-chaque-gout\/#breadcrumb\",\"itemListElement\":[{\"@type\":\"ListItem\",\"position\":1,\"name\":\"Home\",\"item\":\"https:\/\/stilfibra.com\/fr\/\"},{\"@type\":\"ListItem\",\"position\":2,\"name\":\"Une chaise pour chaque go\u00fbt\"}]},{\"@type\":\"WebSite\",\"@id\":\"https:\/\/stilfibra.com\/fr\/#website\",\"url\":\"https:\/\/stilfibra.com\/fr\/\",\"name\":\"Stilfibra\",\"description\":\"StilFibra\",\"publisher\":{\"@id\":\"https:\/\/stilfibra.com\/fr\/#organization\"},\"potentialAction\":[{\"@type\":\"SearchAction\",\"target\":{\"@type\":\"EntryPoint\",\"urlTemplate\":\"https:\/\/stilfibra.com\/fr\/?s={search_term_string}\"},\"query-input\":\"required name=search_term_string\"}],\"inLanguage\":\"fr-FR\"},{\"@type\":\"Organization\",\"@id\":\"https:\/\/stilfibra.com\/fr\/#organization\",\"name\":\"Stilfibra\",\"url\":\"https:\/\/stilfibra.com\/fr\/\",\"logo\":{\"@type\":\"ImageObject\",\"inLanguage\":\"fr-FR\",\"@id\":\"https:\/\/stilfibra.com\/fr\/#\/schema\/logo\/image\/\",\"url\":\"https:\/\/stilfibra.com\/wp-content\/uploads\/2023\/09\/logo-stilfibra.png\",\"contentUrl\":\"https:\/\/stilfibra.com\/wp-content\/uploads\/2023\/09\/logo-stilfibra.png\",\"width\":3334,\"height\":693,\"caption\":\"Stilfibra\"},\"image\":{\"@id\":\"https:\/\/stilfibra.com\/fr\/#\/schema\/logo\/image\/\"},\"sameAs\":[\"https:\/\/www.facebook.com\/Stilfibra?locale=it_IT\",\"https:\/\/www.instagram.com\/stilfibra\/\"]}]}<\/script>\n<!-- \/ Yoast SEO plugin. -->","yoast_head_json":{"title":"Une chaise pour tous les go\u00fbts - Stilfibra\u00ae Bio Furniture","description":"Erbi est disponible en 4 saveurs diff\u00e9rentes. D\u00e9couvrez la nouvelle proposition de Stilfibra en mati\u00e8re de mobilier biologique.","robots":{"index":"index","follow":"follow","max-snippet":"max-snippet:-1","max-image-preview":"max-image-preview:large","max-video-preview":"max-video-preview:-1"},"canonical":"https:\/\/stilfibra.com\/fr\/une-chaise-pour-chaque-gout\/","og_locale":"fr_FR","og_type":"article","og_title":"Une chaise pour tous les go\u00fbts - Stilfibra\u00ae Bio Furniture","og_description":"Erbi est disponible en 4 saveurs diff\u00e9rentes. D\u00e9couvrez la nouvelle proposition de Stilfibra en mati\u00e8re de mobilier biologique.","og_url":"https:\/\/stilfibra.com\/fr\/une-chaise-pour-chaque-gout\/","og_site_name":"StilFibra","article_publisher":"https:\/\/www.facebook.com\/Stilfibra?locale=it_IT","article_modified_time":"2024-12-17T11:00:18+00:00","og_image":[{"width":2560,"height":1146,"url":"https:\/\/stilfibra.com\/wp-content\/uploads\/2023\/09\/banner-02-1-scaled.jpg","type":"image\/jpeg"}],"twitter_card":"summary_large_image","twitter_misc":{"Dur\u00e9e de lecture estim\u00e9e":"2 minutes"},"schema":{"@context":"https:\/\/schema.org","@graph":[{"@type":"WebPage","@id":"https:\/\/stilfibra.com\/fr\/une-chaise-pour-chaque-gout\/","url":"https:\/\/stilfibra.com\/fr\/une-chaise-pour-chaque-gout\/","name":"Une chaise pour tous les go\u00fbts - Stilfibra\u00ae Bio Furniture","isPartOf":{"@id":"https:\/\/stilfibra.com\/fr\/#website"},"primaryImageOfPage":{"@id":"https:\/\/stilfibra.com\/fr\/une-chaise-pour-chaque-gout\/#primaryimage"},"image":{"@id":"https:\/\/stilfibra.com\/fr\/une-chaise-pour-chaque-gout\/#primaryimage"},"thumbnailUrl":"https:\/\/stilfibra.com\/wp-content\/uploads\/2023\/09\/banner-02-1-scaled.jpg","datePublished":"2023-09-07T15:27:25+00:00","dateModified":"2024-12-17T11:00:18+00:00","description":"Erbi est disponible en 4 saveurs diff\u00e9rentes. D\u00e9couvrez la nouvelle proposition de Stilfibra en mati\u00e8re de mobilier biologique.","breadcrumb":{"@id":"https:\/\/stilfibra.com\/fr\/une-chaise-pour-chaque-gout\/#breadcrumb"},"inLanguage":"fr-FR","potentialAction":[{"@type":"ReadAction","target":["https:\/\/stilfibra.com\/fr\/une-chaise-pour-chaque-gout\/"]}]},{"@type":"ImageObject","inLanguage":"fr-FR","@id":"https:\/\/stilfibra.com\/fr\/une-chaise-pour-chaque-gout\/#primaryimage","url":"https:\/\/stilfibra.com\/wp-content\/uploads\/2023\/09\/banner-02-1-scaled.jpg","contentUrl":"https:\/\/stilfibra.com\/wp-content\/uploads\/2023\/09\/banner-02-1-scaled.jpg","width":2560,"height":1146},{"@type":"BreadcrumbList","@id":"https:\/\/stilfibra.com\/fr\/une-chaise-pour-chaque-gout\/#breadcrumb","itemListElement":[{"@type":"ListItem","position":1,"name":"Home","item":"https:\/\/stilfibra.com\/fr\/"},{"@type":"ListItem","position":2,"name":"Une chaise pour chaque go\u00fbt"}]},{"@type":"WebSite","@id":"https:\/\/stilfibra.com\/fr\/#website","url":"https:\/\/stilfibra.com\/fr\/","name":"Stilfibra","description":"StilFibra","publisher":{"@id":"https:\/\/stilfibra.com\/fr\/#organization"},"potentialAction":[{"@type":"SearchAction","target":{"@type":"EntryPoint","urlTemplate":"https:\/\/stilfibra.com\/fr\/?s={search_term_string}"},"query-input":"required name=search_term_string"}],"inLanguage":"fr-FR"},{"@type":"Organization","@id":"https:\/\/stilfibra.com\/fr\/#organization","name":"Stilfibra","url":"https:\/\/stilfibra.com\/fr\/","logo":{"@type":"ImageObject","inLanguage":"fr-FR","@id":"https:\/\/stilfibra.com\/fr\/#\/schema\/logo\/image\/","url":"https:\/\/stilfibra.com\/wp-content\/uploads\/2023\/09\/logo-stilfibra.png","contentUrl":"https:\/\/stilfibra.com\/wp-content\/uploads\/2023\/09\/logo-stilfibra.png","width":3334,"height":693,"caption":"Stilfibra"},"image":{"@id":"https:\/\/stilfibra.com\/fr\/#\/schema\/logo\/image\/"},"sameAs":["https:\/\/www.facebook.com\/Stilfibra?locale=it_IT","https:\/\/www.instagram.com\/stilfibra\/"]}]}},"acf":[],"_links":{"self":[{"href":"https:\/\/stilfibra.com\/fr\/wp-json\/wp\/v2\/pages\/2512","targetHints":{"allow":["GET"]}}],"collection":[{"href":"https:\/\/stilfibra.com\/fr\/wp-json\/wp\/v2\/pages"}],"about":[{"href":"https:\/\/stilfibra.com\/fr\/wp-json\/wp\/v2\/types\/page"}],"author":[{"embeddable":true,"href":"https:\/\/stilfibra.com\/fr\/wp-json\/wp\/v2\/users\/2"}],"replies":[{"embeddable":true,"href":"https:\/\/stilfibra.com\/fr\/wp-json\/wp\/v2\/comments?post=2512"}],"version-history":[{"count":1,"href":"https:\/\/stilfibra.com\/fr\/wp-json\/wp\/v2\/pages\/2512\/revisions"}],"predecessor-version":[{"id":2514,"href":"https:\/\/stilfibra.com\/fr\/wp-json\/wp\/v2\/pages\/2512\/revisions\/2514"}],"wp:featuredmedia":[{"embeddable":true,"href":"https:\/\/stilfibra.com\/fr\/wp-json\/wp\/v2\/media\/2251"}],"wp:attachment":[{"href":"https:\/\/stilfibra.com\/fr\/wp-json\/wp\/v2\/media?parent=2512"}],"curies":[{"name":"wp","href":"https:\/\/api.w.org\/{rel}","templated":true}]}}