{"id":2515,"date":"2023-09-07T17:26:37","date_gmt":"2023-09-07T15:26:37","guid":{"rendered":"https:\/\/stilfibra.com\/un-progetto-per-il-bene-comune\/"},"modified":"2024-12-17T12:08:00","modified_gmt":"2024-12-17T11:08:00","slug":"un-projet-pour-le-bien-commun","status":"publish","type":"page","link":"https:\/\/stilfibra.com\/fr\/un-projet-pour-le-bien-commun\/","title":{"rendered":"Un projet pour le bien commun"},"content":{"rendered":"\n<div class=\"wp-block-group con_custom version_one\"><div class=\"wp-block-group__inner-container is-layout-constrained wp-block-group-is-layout-constrained\">\n<h2 class=\"wp-block-heading has-text-align-center custom_serif has-text-color\" style=\"color:#839682\">R\u00e9utilisation et transformation pour le bien commun : Stilfibra\u00ae<\/h2>\n\n\n\n<figure class=\"wp-block-image size-full\"><img decoding=\"async\" width=\"1000\" height=\"474\" src=\"https:\/\/stilfibra.com\/wp-content\/uploads\/2023\/12\/Rectangle-29.png\" alt=\"\" class=\"wp-image-805\" srcset=\"https:\/\/stilfibra.com\/wp-content\/uploads\/2023\/12\/Rectangle-29.png 1000w, https:\/\/stilfibra.com\/wp-content\/uploads\/2023\/12\/Rectangle-29-300x142.png 300w, https:\/\/stilfibra.com\/wp-content\/uploads\/2023\/12\/Rectangle-29-768x364.png 768w\" sizes=\"(max-width: 1000px) 100vw, 1000px\" \/><\/figure>\n\n\n\n<p class=\"has-text-align-center\">Aujourd&rsquo;hui, il n&rsquo;est pas n\u00e9cessaire de cr\u00e9er de nouveaux mat\u00e9riaux. Pour une plus grande durabilit\u00e9, il est pr\u00e9f\u00e9rable de travailler avec ce qui existe d\u00e9j\u00e0 et de le transformer.<br>Nous avons besoin d&rsquo;innovation dans la r\u00e9utilisation des mat\u00e9riaux pour penser \u00e0 un avenir durable dans le domaine du mobilier \u00e9cologique.<\/p>\n\n\n\n<p class=\"has-text-align-center\">En fait, notre projet s&rsquo;inscrit dans le cadre du Mouvement pour l&rsquo;\u00e9conomie du bien commun, auquel <a href=\"https:\/\/www.stl-srl.it\/\"><\/a><a href=\"https:\/\/www.stl-srl.it\/\">STL SRL<\/a> a adh\u00e9r\u00e9 pour r\u00e9diger un rapport de durabilit\u00e9 et devenir une soci\u00e9t\u00e9 Benefit en d\u00e9cembre 2021.<\/p>\n\n\n\n<p class=\"has-text-align-center\">En particulier, les deux sections sur la transparence tout au long de la cha\u00eene d&rsquo;approvisionnement et sur la co-conception de produits et de services avec les clients ont inspir\u00e9 la cr\u00e9ation d&rsquo;un nouveau produit.<\/p>\n\n\n\n<p class=\"has-text-align-center\">La r\u00e9utilisation de moules existants fournis par l&rsquo;un de nos fournisseurs et l&rsquo;utilisation de biocomposites, produits \u00e0 partir de d\u00e9chets v\u00e9g\u00e9taux et de polym\u00e8res recycl\u00e9s post-industriels, fournis par l&rsquo;un de nos clients, s&rsquo;inscrivent dans l&rsquo;objectif de transparence et de prise de d\u00e9cision partag\u00e9e tout au long de la cha\u00eene d&rsquo;approvisionnement du mobilier biologique : le dialogue avec le client pour la cr\u00e9ation de produits et de services et la volont\u00e9 d&rsquo;impliquer les fournisseurs sont les moteurs du projet.<\/p>\n<\/div><\/div>\n\n\n\n<div class=\"wp-block-group con_custom version_one\"><div class=\"wp-block-group__inner-container is-layout-constrained wp-block-group-is-layout-constrained\">\n<h2 class=\"wp-block-heading has-text-align-center custom_serif has-text-color\" style=\"color:#839682\">Une chaise durable pour le bien commun et le bien social<\/h2>\n\n\n\n<p class=\"has-text-align-center\">Chez <a href=\"https:\/\/www.stl-srl.it\/\">STL SRL Soci\u00e9t\u00e9 Benefit<\/a>, nous pensons que le bien-\u00eatre ne doit pas seulement \u00eatre \u00e9conomique, mais aussi \u00e9thique, esth\u00e9tique, social et environnemental.<\/p>\n\n\n\n<p class=\"has-text-align-center\">Gr\u00e2ce \u00e0 Stilfibra, nous pouvons \u00e9galement transmettre notre adh\u00e9sion au Mouvement du Bien Commun, un mod\u00e8le d&rsquo;entreprise qui place le bien-\u00eatre des personnes et de la plan\u00e8te au centre, en se basant sur les valeurs suivantes : Dignit\u00e9 humaine &#8211; Solidarit\u00e9 &#8211; Justice sociale &#8211; Eco-durabilit\u00e9 &#8211; Transparence et partage d\u00e9mocratique.<\/p>\n\n\n\n<p class=\"has-text-align-center\">Stilfibra est aussi un projet social : une partie des revenus de la vente d&rsquo;Erbi sera revers\u00e9e \u00e0 l&rsquo;association WomenForFreedom, en particulier au projet \u00ab \u00c0 l&rsquo;\u00e9cole avec Chiara \u00bb, qui permettra \u00e0 240 jeunes filles n\u00e9palaises de s&rsquo;asseoir derri\u00e8re un pupitre, \u00e9vitant ainsi un mariage arrang\u00e9 \u00e0 l&rsquo;\u00e2ge de l&rsquo;\u00e9cole. <a href=\"https:\/\/womenforfreedom.medium.com\/back-to-school-a-scuola-con-chiara-ba0c03d2e6cc\">Pour en savoir plus, cliquez ici<\/a>.<\/p>\n\n\n\n<p class=\"has-text-align-center\">Le message que Stilfibra veut faire passer est ainsi plus clair : avant tout respecter et int\u00e9grer l&rsquo;environnement, produire du bien et du beau en pensant \u00e0 l&rsquo;avenir.<\/p>\n<\/div><\/div>\n\n\n\n<div class=\"wp-block-group con_custom paragraph_full has-background\" style=\"background-color:#839682\"><div class=\"wp-block-group__inner-container is-layout-constrained wp-block-group-is-layout-constrained\">\n<p class=\"has-text-align-center has-white-color has-text-color\">Inspir\u00e9e par l&rsquo;EBC (\u00c9conomie du Bien Commun), STL SRL SB a d\u00e9cid\u00e9 de contribuer \u00e0 la cr\u00e9ation d&rsquo;un produit mat\u00e9riellement durable, donnant une nouvelle vie aux d\u00e9chets, et beau gr\u00e2ce \u00e0 son design. Stilfibra est \u00e9galement un projet social : une partie des b\u00e9n\u00e9fices de la vente d&rsquo;Erbi sera revers\u00e9e \u00e0 l&rsquo;association WomenForFreedom, et plus pr\u00e9cis\u00e9ment au projet \u00ab \u00c0 l&rsquo;\u00e9cole avec Chiara \u00bb, qui permettra \u00e0 200 jeunes filles n\u00e9palaises de s&rsquo;asseoir derri\u00e8re un pupitre, \u00e9vitant ainsi un mariage arrang\u00e9 \u00e0 l&rsquo;\u00e2ge de l&rsquo;\u00e9cole. Le message que Stilfibra veut faire passer est ainsi plus clair : respecter l&rsquo;environnement et l&rsquo;int\u00e9grer, produire du bien et du beau en pensant \u00e0 l&rsquo;avenir.<\/p>\n\n\n\n<div class=\"wp-block-buttons is-content-justification-center is-layout-flex wp-container-core-buttons-is-layout-16018d1d wp-block-buttons-is-layout-flex\">\n<div class=\"wp-block-button custom_button\"><a class=\"wp-block-button__link has-text-align-center wp-element-button\" href=\"https:\/\/www.womenforfreedom.org\/scolarizzazione\/\" target=\"_blank\" rel=\"noreferrer noopener\">D\u00c9COUVRIR LE PROJET<\/a><\/div>\n<\/div>\n<\/div><\/div>\n\n\n\n<figure class=\"wp-block-image size-full\"><img decoding=\"async\" width=\"1000\" height=\"651\" src=\"https:\/\/stilfibra.com\/wp-content\/uploads\/2023\/12\/Rectangle-30.png\" alt=\"\" class=\"wp-image-822\" srcset=\"https:\/\/stilfibra.com\/wp-content\/uploads\/2023\/12\/Rectangle-30.png 1000w, https:\/\/stilfibra.com\/wp-content\/uploads\/2023\/12\/Rectangle-30-300x195.png 300w, https:\/\/stilfibra.com\/wp-content\/uploads\/2023\/12\/Rectangle-30-768x500.png 768w\" sizes=\"(max-width: 1000px) 100vw, 1000px\" \/><\/figure>\n\n\n\n<p><\/p>\n\n\n\n<figure class=\"wp-block-video\"><video height=\"1920\" style=\"aspect-ratio: 1080 \/ 1920;\" width=\"1080\" controls src=\"https:\/\/stilfibra.com\/wp-content\/uploads\/2024\/05\/Progetto-senza-titolo.mp4\"><\/video><\/figure>\n\n\n\n<div class=\"wp-block-group\"><div class=\"wp-block-group__inner-container is-layout-constrained wp-block-group-is-layout-constrained\">\n<div class=\"wp-block-group con_custom paragraph_full mb_1 has-background\" style=\"background-color:#839682\"><div class=\"wp-block-group__inner-container is-layout-constrained wp-block-group-is-layout-constrained\">\n<h3 class=\"wp-block-heading has-text-align-center custom_serif mb_1 has-white-color has-text-color has-link-color wp-elements-169ef15cb2a1c9873190b9ba7b94defd\">\u00ab\u00a0Un produit techniquement avantageux,<br>beau, pratique mais non durable<br>n&rsquo;est pas un produit d&rsquo;avenir\u00a0\u00bb<\/h3>\n\n\n\n<p class=\"has-text-align-center has-white-color has-text-color has-link-color wp-elements-d0a23482c8128d15a92d96325a6ade66\">G.M. De Lisi, \u201cIl riciclo viaggia su binari intelligenti\u201d \u2013 Cambio Rotta.<\/p>\n<\/div><\/div>\n<\/div><\/div>\n","protected":false},"excerpt":{"rendered":"<p>Stilfibra est n\u00e9e avec la vocation d&rsquo;\u00eatre un produit du Bien Commun, pas simplement un projet de production de chaises et d&rsquo;autres objets.<\/p>\n","protected":false},"author":2,"featured_media":2250,"parent":0,"menu_order":0,"comment_status":"closed","ping_status":"closed","template":"page_custom_content.php","meta":{"footnotes":""},"class_list":["post-2515","page","type-page","status-publish","has-post-thumbnail","hentry"],"yoast_head":"<!-- This site is optimized with the Yoast SEO plugin v22.9 - https:\/\/yoast.com\/wordpress\/plugins\/seo\/ -->\n<title>Mobilier \u00e9cologique Stilfibra - Un projet pour le Bien Commun<\/title>\n<meta name=\"description\" content=\"Stilfibra a \u00e9t\u00e9 cr\u00e9\u00e9 pour \u00eatre un produit pour le bien commun, pas seulement un projet de production de mobilier \u00e9cologique.\" \/>\n<meta name=\"robots\" content=\"index, follow, max-snippet:-1, max-image-preview:large, max-video-preview:-1\" \/>\n<link rel=\"canonical\" href=\"https:\/\/stilfibra.com\/fr\/un-projet-pour-le-bien-commun\/\" \/>\n<meta property=\"og:locale\" content=\"fr_FR\" \/>\n<meta property=\"og:type\" content=\"article\" \/>\n<meta property=\"og:title\" content=\"Mobilier \u00e9cologique Stilfibra - Un projet pour le Bien Commun\" \/>\n<meta property=\"og:description\" content=\"Stilfibra a \u00e9t\u00e9 cr\u00e9\u00e9 pour \u00eatre un produit pour le bien commun, pas seulement un projet de production de mobilier \u00e9cologique.\" \/>\n<meta property=\"og:url\" content=\"https:\/\/stilfibra.com\/fr\/un-projet-pour-le-bien-commun\/\" \/>\n<meta property=\"og:site_name\" content=\"StilFibra\" \/>\n<meta property=\"article:publisher\" content=\"https:\/\/www.facebook.com\/Stilfibra?locale=it_IT\" \/>\n<meta property=\"article:modified_time\" content=\"2024-12-17T11:08:00+00:00\" \/>\n<meta property=\"og:image\" content=\"https:\/\/stilfibra.com\/wp-content\/uploads\/2023\/09\/banner-01-1-scaled.jpg\" \/>\n\t<meta property=\"og:image:width\" content=\"2560\" \/>\n\t<meta property=\"og:image:height\" content=\"1145\" \/>\n\t<meta property=\"og:image:type\" content=\"image\/jpeg\" \/>\n<meta name=\"twitter:card\" content=\"summary_large_image\" \/>\n<meta name=\"twitter:label1\" content=\"Dur\u00e9e de lecture estim\u00e9e\" \/>\n\t<meta name=\"twitter:data1\" content=\"4 minutes\" \/>\n<script type=\"application\/ld+json\" class=\"yoast-schema-graph\">{\"@context\":\"https:\/\/schema.org\",\"@graph\":[{\"@type\":\"WebPage\",\"@id\":\"https:\/\/stilfibra.com\/fr\/un-projet-pour-le-bien-commun\/\",\"url\":\"https:\/\/stilfibra.com\/fr\/un-projet-pour-le-bien-commun\/\",\"name\":\"Mobilier \u00e9cologique Stilfibra - Un projet pour le Bien Commun\",\"isPartOf\":{\"@id\":\"https:\/\/stilfibra.com\/fr\/#website\"},\"primaryImageOfPage\":{\"@id\":\"https:\/\/stilfibra.com\/fr\/un-projet-pour-le-bien-commun\/#primaryimage\"},\"image\":{\"@id\":\"https:\/\/stilfibra.com\/fr\/un-projet-pour-le-bien-commun\/#primaryimage\"},\"thumbnailUrl\":\"https:\/\/stilfibra.com\/wp-content\/uploads\/2023\/09\/banner-01-1-scaled.jpg\",\"datePublished\":\"2023-09-07T15:26:37+00:00\",\"dateModified\":\"2024-12-17T11:08:00+00:00\",\"description\":\"Stilfibra a \u00e9t\u00e9 cr\u00e9\u00e9 pour \u00eatre un produit pour le bien commun, pas seulement un projet de production de mobilier \u00e9cologique.\",\"breadcrumb\":{\"@id\":\"https:\/\/stilfibra.com\/fr\/un-projet-pour-le-bien-commun\/#breadcrumb\"},\"inLanguage\":\"fr-FR\",\"potentialAction\":[{\"@type\":\"ReadAction\",\"target\":[\"https:\/\/stilfibra.com\/fr\/un-projet-pour-le-bien-commun\/\"]}]},{\"@type\":\"ImageObject\",\"inLanguage\":\"fr-FR\",\"@id\":\"https:\/\/stilfibra.com\/fr\/un-projet-pour-le-bien-commun\/#primaryimage\",\"url\":\"https:\/\/stilfibra.com\/wp-content\/uploads\/2023\/09\/banner-01-1-scaled.jpg\",\"contentUrl\":\"https:\/\/stilfibra.com\/wp-content\/uploads\/2023\/09\/banner-01-1-scaled.jpg\",\"width\":2560,\"height\":1145},{\"@type\":\"BreadcrumbList\",\"@id\":\"https:\/\/stilfibra.com\/fr\/un-projet-pour-le-bien-commun\/#breadcrumb\",\"itemListElement\":[{\"@type\":\"ListItem\",\"position\":1,\"name\":\"Home\",\"item\":\"https:\/\/stilfibra.com\/fr\/\"},{\"@type\":\"ListItem\",\"position\":2,\"name\":\"Un projet pour le bien commun\"}]},{\"@type\":\"WebSite\",\"@id\":\"https:\/\/stilfibra.com\/fr\/#website\",\"url\":\"https:\/\/stilfibra.com\/fr\/\",\"name\":\"Stilfibra\",\"description\":\"StilFibra\",\"publisher\":{\"@id\":\"https:\/\/stilfibra.com\/fr\/#organization\"},\"potentialAction\":[{\"@type\":\"SearchAction\",\"target\":{\"@type\":\"EntryPoint\",\"urlTemplate\":\"https:\/\/stilfibra.com\/fr\/?s={search_term_string}\"},\"query-input\":\"required name=search_term_string\"}],\"inLanguage\":\"fr-FR\"},{\"@type\":\"Organization\",\"@id\":\"https:\/\/stilfibra.com\/fr\/#organization\",\"name\":\"Stilfibra\",\"url\":\"https:\/\/stilfibra.com\/fr\/\",\"logo\":{\"@type\":\"ImageObject\",\"inLanguage\":\"fr-FR\",\"@id\":\"https:\/\/stilfibra.com\/fr\/#\/schema\/logo\/image\/\",\"url\":\"https:\/\/stilfibra.com\/wp-content\/uploads\/2023\/09\/logo-stilfibra.png\",\"contentUrl\":\"https:\/\/stilfibra.com\/wp-content\/uploads\/2023\/09\/logo-stilfibra.png\",\"width\":3334,\"height\":693,\"caption\":\"Stilfibra\"},\"image\":{\"@id\":\"https:\/\/stilfibra.com\/fr\/#\/schema\/logo\/image\/\"},\"sameAs\":[\"https:\/\/www.facebook.com\/Stilfibra?locale=it_IT\",\"https:\/\/www.instagram.com\/stilfibra\/\"]}]}<\/script>\n<!-- \/ Yoast SEO plugin. -->","yoast_head_json":{"title":"Mobilier \u00e9cologique Stilfibra - Un projet pour le Bien Commun","description":"Stilfibra a \u00e9t\u00e9 cr\u00e9\u00e9 pour \u00eatre un produit pour le bien commun, pas seulement un projet de production de mobilier \u00e9cologique.","robots":{"index":"index","follow":"follow","max-snippet":"max-snippet:-1","max-image-preview":"max-image-preview:large","max-video-preview":"max-video-preview:-1"},"canonical":"https:\/\/stilfibra.com\/fr\/un-projet-pour-le-bien-commun\/","og_locale":"fr_FR","og_type":"article","og_title":"Mobilier \u00e9cologique Stilfibra - Un projet pour le Bien Commun","og_description":"Stilfibra a \u00e9t\u00e9 cr\u00e9\u00e9 pour \u00eatre un produit pour le bien commun, pas seulement un projet de production de mobilier \u00e9cologique.","og_url":"https:\/\/stilfibra.com\/fr\/un-projet-pour-le-bien-commun\/","og_site_name":"StilFibra","article_publisher":"https:\/\/www.facebook.com\/Stilfibra?locale=it_IT","article_modified_time":"2024-12-17T11:08:00+00:00","og_image":[{"width":2560,"height":1145,"url":"https:\/\/stilfibra.com\/wp-content\/uploads\/2023\/09\/banner-01-1-scaled.jpg","type":"image\/jpeg"}],"twitter_card":"summary_large_image","twitter_misc":{"Dur\u00e9e de lecture estim\u00e9e":"4 minutes"},"schema":{"@context":"https:\/\/schema.org","@graph":[{"@type":"WebPage","@id":"https:\/\/stilfibra.com\/fr\/un-projet-pour-le-bien-commun\/","url":"https:\/\/stilfibra.com\/fr\/un-projet-pour-le-bien-commun\/","name":"Mobilier \u00e9cologique Stilfibra - Un projet pour le Bien Commun","isPartOf":{"@id":"https:\/\/stilfibra.com\/fr\/#website"},"primaryImageOfPage":{"@id":"https:\/\/stilfibra.com\/fr\/un-projet-pour-le-bien-commun\/#primaryimage"},"image":{"@id":"https:\/\/stilfibra.com\/fr\/un-projet-pour-le-bien-commun\/#primaryimage"},"thumbnailUrl":"https:\/\/stilfibra.com\/wp-content\/uploads\/2023\/09\/banner-01-1-scaled.jpg","datePublished":"2023-09-07T15:26:37+00:00","dateModified":"2024-12-17T11:08:00+00:00","description":"Stilfibra a \u00e9t\u00e9 cr\u00e9\u00e9 pour \u00eatre un produit pour le bien commun, pas seulement un projet de production de mobilier \u00e9cologique.","breadcrumb":{"@id":"https:\/\/stilfibra.com\/fr\/un-projet-pour-le-bien-commun\/#breadcrumb"},"inLanguage":"fr-FR","potentialAction":[{"@type":"ReadAction","target":["https:\/\/stilfibra.com\/fr\/un-projet-pour-le-bien-commun\/"]}]},{"@type":"ImageObject","inLanguage":"fr-FR","@id":"https:\/\/stilfibra.com\/fr\/un-projet-pour-le-bien-commun\/#primaryimage","url":"https:\/\/stilfibra.com\/wp-content\/uploads\/2023\/09\/banner-01-1-scaled.jpg","contentUrl":"https:\/\/stilfibra.com\/wp-content\/uploads\/2023\/09\/banner-01-1-scaled.jpg","width":2560,"height":1145},{"@type":"BreadcrumbList","@id":"https:\/\/stilfibra.com\/fr\/un-projet-pour-le-bien-commun\/#breadcrumb","itemListElement":[{"@type":"ListItem","position":1,"name":"Home","item":"https:\/\/stilfibra.com\/fr\/"},{"@type":"ListItem","position":2,"name":"Un projet pour le bien commun"}]},{"@type":"WebSite","@id":"https:\/\/stilfibra.com\/fr\/#website","url":"https:\/\/stilfibra.com\/fr\/","name":"Stilfibra","description":"StilFibra","publisher":{"@id":"https:\/\/stilfibra.com\/fr\/#organization"},"potentialAction":[{"@type":"SearchAction","target":{"@type":"EntryPoint","urlTemplate":"https:\/\/stilfibra.com\/fr\/?s={search_term_string}"},"query-input":"required name=search_term_string"}],"inLanguage":"fr-FR"},{"@type":"Organization","@id":"https:\/\/stilfibra.com\/fr\/#organization","name":"Stilfibra","url":"https:\/\/stilfibra.com\/fr\/","logo":{"@type":"ImageObject","inLanguage":"fr-FR","@id":"https:\/\/stilfibra.com\/fr\/#\/schema\/logo\/image\/","url":"https:\/\/stilfibra.com\/wp-content\/uploads\/2023\/09\/logo-stilfibra.png","contentUrl":"https:\/\/stilfibra.com\/wp-content\/uploads\/2023\/09\/logo-stilfibra.png","width":3334,"height":693,"caption":"Stilfibra"},"image":{"@id":"https:\/\/stilfibra.com\/fr\/#\/schema\/logo\/image\/"},"sameAs":["https:\/\/www.facebook.com\/Stilfibra?locale=it_IT","https:\/\/www.instagram.com\/stilfibra\/"]}]}},"acf":[],"_links":{"self":[{"href":"https:\/\/stilfibra.com\/fr\/wp-json\/wp\/v2\/pages\/2515","targetHints":{"allow":["GET"]}}],"collection":[{"href":"https:\/\/stilfibra.com\/fr\/wp-json\/wp\/v2\/pages"}],"about":[{"href":"https:\/\/stilfibra.com\/fr\/wp-json\/wp\/v2\/types\/page"}],"author":[{"embeddable":true,"href":"https:\/\/stilfibra.com\/fr\/wp-json\/wp\/v2\/users\/2"}],"replies":[{"embeddable":true,"href":"https:\/\/stilfibra.com\/fr\/wp-json\/wp\/v2\/comments?post=2515"}],"version-history":[{"count":2,"href":"https:\/\/stilfibra.com\/fr\/wp-json\/wp\/v2\/pages\/2515\/revisions"}],"predecessor-version":[{"id":2519,"href":"https:\/\/stilfibra.com\/fr\/wp-json\/wp\/v2\/pages\/2515\/revisions\/2519"}],"wp:featuredmedia":[{"embeddable":true,"href":"https:\/\/stilfibra.com\/fr\/wp-json\/wp\/v2\/media\/2250"}],"wp:attachment":[{"href":"https:\/\/stilfibra.com\/fr\/wp-json\/wp\/v2\/media?parent=2515"}],"curies":[{"name":"wp","href":"https:\/\/api.w.org\/{rel}","templated":true}]}}