{"id":2531,"date":"2023-05-08T11:39:18","date_gmt":"2023-05-08T09:39:18","guid":{"rendered":"https:\/\/stilfibra.com\/home-page-stilfibra\/"},"modified":"2024-12-17T14:53:27","modified_gmt":"2024-12-17T13:53:27","slug":"home-page-stilfibra","status":"publish","type":"page","link":"https:\/\/stilfibra.com\/fr\/","title":{"rendered":"Home page"},"content":{"rendered":"","protected":false},"excerpt":{"rendered":"","protected":false},"author":2,"featured_media":2148,"parent":0,"menu_order":0,"comment_status":"closed","ping_status":"closed","template":"","meta":{"footnotes":""},"class_list":["post-2531","page","type-page","status-publish","has-post-thumbnail","hentry"],"yoast_head":"<!-- This site is optimized with the Yoast SEO plugin v22.9 - https:\/\/yoast.com\/wordpress\/plugins\/seo\/ -->\n<title>Chaises \u00e9cologiques Stilfibra | Une chaise \u00e0 savourer<\/title>\n<meta name=\"description\" content=\"Stilfibra, une chaise \u00e0 appr\u00e9cier. Stilfibra\u00ae produit des chaises design \u00e9cologiques en fibres v\u00e9g\u00e9tales et en mat\u00e9riaux recycl\u00e9s.\" \/>\n<meta name=\"robots\" content=\"index, follow, max-snippet:-1, max-image-preview:large, max-video-preview:-1\" \/>\n<link rel=\"canonical\" href=\"https:\/\/stilfibra.com\/fr\/\" \/>\n<meta property=\"og:locale\" content=\"fr_FR\" \/>\n<meta property=\"og:type\" content=\"article\" \/>\n<meta property=\"og:title\" content=\"Chaises \u00e9cologiques Stilfibra | Une chaise \u00e0 savourer\" \/>\n<meta property=\"og:description\" content=\"Stilfibra, une chaise \u00e0 appr\u00e9cier. Stilfibra\u00ae produit des chaises design \u00e9cologiques en fibres v\u00e9g\u00e9tales et en mat\u00e9riaux recycl\u00e9s.\" \/>\n<meta property=\"og:url\" content=\"https:\/\/stilfibra.com\/fr\/\" \/>\n<meta property=\"og:site_name\" content=\"StilFibra\" \/>\n<meta property=\"article:publisher\" content=\"https:\/\/www.facebook.com\/Stilfibra?locale=it_IT\" \/>\n<meta property=\"article:modified_time\" content=\"2024-12-17T13:53:27+00:00\" \/>\n<meta property=\"og:image\" content=\"https:\/\/stilfibra.com\/wp-content\/uploads\/2023\/09\/Immagine-grande-Desktop-2-1024x576.jpg\" \/>\n\t<meta property=\"og:image:width\" content=\"1024\" \/>\n\t<meta property=\"og:image:height\" content=\"576\" \/>\n\t<meta property=\"og:image:type\" content=\"image\/jpeg\" \/>\n<meta name=\"twitter:card\" content=\"summary_large_image\" \/>\n<meta name=\"twitter:label1\" content=\"Dur\u00e9e de lecture estim\u00e9e\" \/>\n\t<meta name=\"twitter:data1\" content=\"1 minute\" \/>\n<script type=\"application\/ld+json\" class=\"yoast-schema-graph\">{\"@context\":\"https:\/\/schema.org\",\"@graph\":[{\"@type\":\"WebPage\",\"@id\":\"https:\/\/stilfibra.com\/fr\/\",\"url\":\"https:\/\/stilfibra.com\/fr\/\",\"name\":\"Chaises \u00e9cologiques Stilfibra | Une chaise \u00e0 savourer\",\"isPartOf\":{\"@id\":\"https:\/\/stilfibra.com\/fr\/#website\"},\"primaryImageOfPage\":{\"@id\":\"https:\/\/stilfibra.com\/fr\/#primaryimage\"},\"image\":{\"@id\":\"https:\/\/stilfibra.com\/fr\/#primaryimage\"},\"thumbnailUrl\":\"https:\/\/stilfibra.com\/wp-content\/uploads\/2023\/09\/Immagine-grande-Desktop-2.jpg\",\"datePublished\":\"2023-05-08T09:39:18+00:00\",\"dateModified\":\"2024-12-17T13:53:27+00:00\",\"description\":\"Stilfibra, une chaise \u00e0 appr\u00e9cier. Stilfibra\u00ae produit des chaises design \u00e9cologiques en fibres v\u00e9g\u00e9tales et en mat\u00e9riaux recycl\u00e9s.\",\"breadcrumb\":{\"@id\":\"https:\/\/stilfibra.com\/fr\/#breadcrumb\"},\"inLanguage\":\"fr-FR\",\"potentialAction\":[{\"@type\":\"ReadAction\",\"target\":[\"https:\/\/stilfibra.com\/fr\/\"]}]},{\"@type\":\"ImageObject\",\"inLanguage\":\"fr-FR\",\"@id\":\"https:\/\/stilfibra.com\/fr\/#primaryimage\",\"url\":\"https:\/\/stilfibra.com\/wp-content\/uploads\/2023\/09\/Immagine-grande-Desktop-2.jpg\",\"contentUrl\":\"https:\/\/stilfibra.com\/wp-content\/uploads\/2023\/09\/Immagine-grande-Desktop-2.jpg\",\"width\":2560,\"height\":1440},{\"@type\":\"BreadcrumbList\",\"@id\":\"https:\/\/stilfibra.com\/fr\/#breadcrumb\",\"itemListElement\":[{\"@type\":\"ListItem\",\"position\":1,\"name\":\"Home\",\"item\":\"https:\/\/stilfibra.com\/fr\/\"},{\"@type\":\"ListItem\",\"position\":2,\"name\":\"Home page\"}]},{\"@type\":\"WebSite\",\"@id\":\"https:\/\/stilfibra.com\/fr\/#website\",\"url\":\"https:\/\/stilfibra.com\/fr\/\",\"name\":\"Stilfibra\",\"description\":\"StilFibra\",\"publisher\":{\"@id\":\"https:\/\/stilfibra.com\/fr\/#organization\"},\"potentialAction\":[{\"@type\":\"SearchAction\",\"target\":{\"@type\":\"EntryPoint\",\"urlTemplate\":\"https:\/\/stilfibra.com\/fr\/?s={search_term_string}\"},\"query-input\":\"required name=search_term_string\"}],\"inLanguage\":\"fr-FR\"},{\"@type\":\"Organization\",\"@id\":\"https:\/\/stilfibra.com\/fr\/#organization\",\"name\":\"Stilfibra\",\"url\":\"https:\/\/stilfibra.com\/fr\/\",\"logo\":{\"@type\":\"ImageObject\",\"inLanguage\":\"fr-FR\",\"@id\":\"https:\/\/stilfibra.com\/fr\/#\/schema\/logo\/image\/\",\"url\":\"https:\/\/stilfibra.com\/wp-content\/uploads\/2023\/09\/logo-stilfibra.png\",\"contentUrl\":\"https:\/\/stilfibra.com\/wp-content\/uploads\/2023\/09\/logo-stilfibra.png\",\"width\":3334,\"height\":693,\"caption\":\"Stilfibra\"},\"image\":{\"@id\":\"https:\/\/stilfibra.com\/fr\/#\/schema\/logo\/image\/\"},\"sameAs\":[\"https:\/\/www.facebook.com\/Stilfibra?locale=it_IT\",\"https:\/\/www.instagram.com\/stilfibra\/\"]}]}<\/script>\n<!-- \/ Yoast SEO plugin. -->","yoast_head_json":{"title":"Chaises \u00e9cologiques Stilfibra | Une chaise \u00e0 savourer","description":"Stilfibra, une chaise \u00e0 appr\u00e9cier. Stilfibra\u00ae produit des chaises design \u00e9cologiques en fibres v\u00e9g\u00e9tales et en mat\u00e9riaux recycl\u00e9s.","robots":{"index":"index","follow":"follow","max-snippet":"max-snippet:-1","max-image-preview":"max-image-preview:large","max-video-preview":"max-video-preview:-1"},"canonical":"https:\/\/stilfibra.com\/fr\/","og_locale":"fr_FR","og_type":"article","og_title":"Chaises \u00e9cologiques Stilfibra | Une chaise \u00e0 savourer","og_description":"Stilfibra, une chaise \u00e0 appr\u00e9cier. Stilfibra\u00ae produit des chaises design \u00e9cologiques en fibres v\u00e9g\u00e9tales et en mat\u00e9riaux recycl\u00e9s.","og_url":"https:\/\/stilfibra.com\/fr\/","og_site_name":"StilFibra","article_publisher":"https:\/\/www.facebook.com\/Stilfibra?locale=it_IT","article_modified_time":"2024-12-17T13:53:27+00:00","og_image":[{"width":1024,"height":576,"url":"https:\/\/stilfibra.com\/wp-content\/uploads\/2023\/09\/Immagine-grande-Desktop-2-1024x576.jpg","type":"image\/jpeg"}],"twitter_card":"summary_large_image","twitter_misc":{"Dur\u00e9e de lecture estim\u00e9e":"1 minute"},"schema":{"@context":"https:\/\/schema.org","@graph":[{"@type":"WebPage","@id":"https:\/\/stilfibra.com\/fr\/","url":"https:\/\/stilfibra.com\/fr\/","name":"Chaises \u00e9cologiques Stilfibra | Une chaise \u00e0 savourer","isPartOf":{"@id":"https:\/\/stilfibra.com\/fr\/#website"},"primaryImageOfPage":{"@id":"https:\/\/stilfibra.com\/fr\/#primaryimage"},"image":{"@id":"https:\/\/stilfibra.com\/fr\/#primaryimage"},"thumbnailUrl":"https:\/\/stilfibra.com\/wp-content\/uploads\/2023\/09\/Immagine-grande-Desktop-2.jpg","datePublished":"2023-05-08T09:39:18+00:00","dateModified":"2024-12-17T13:53:27+00:00","description":"Stilfibra, une chaise \u00e0 appr\u00e9cier. Stilfibra\u00ae produit des chaises design \u00e9cologiques en fibres v\u00e9g\u00e9tales et en mat\u00e9riaux recycl\u00e9s.","breadcrumb":{"@id":"https:\/\/stilfibra.com\/fr\/#breadcrumb"},"inLanguage":"fr-FR","potentialAction":[{"@type":"ReadAction","target":["https:\/\/stilfibra.com\/fr\/"]}]},{"@type":"ImageObject","inLanguage":"fr-FR","@id":"https:\/\/stilfibra.com\/fr\/#primaryimage","url":"https:\/\/stilfibra.com\/wp-content\/uploads\/2023\/09\/Immagine-grande-Desktop-2.jpg","contentUrl":"https:\/\/stilfibra.com\/wp-content\/uploads\/2023\/09\/Immagine-grande-Desktop-2.jpg","width":2560,"height":1440},{"@type":"BreadcrumbList","@id":"https:\/\/stilfibra.com\/fr\/#breadcrumb","itemListElement":[{"@type":"ListItem","position":1,"name":"Home","item":"https:\/\/stilfibra.com\/fr\/"},{"@type":"ListItem","position":2,"name":"Home page"}]},{"@type":"WebSite","@id":"https:\/\/stilfibra.com\/fr\/#website","url":"https:\/\/stilfibra.com\/fr\/","name":"Stilfibra","description":"StilFibra","publisher":{"@id":"https:\/\/stilfibra.com\/fr\/#organization"},"potentialAction":[{"@type":"SearchAction","target":{"@type":"EntryPoint","urlTemplate":"https:\/\/stilfibra.com\/fr\/?s={search_term_string}"},"query-input":"required name=search_term_string"}],"inLanguage":"fr-FR"},{"@type":"Organization","@id":"https:\/\/stilfibra.com\/fr\/#organization","name":"Stilfibra","url":"https:\/\/stilfibra.com\/fr\/","logo":{"@type":"ImageObject","inLanguage":"fr-FR","@id":"https:\/\/stilfibra.com\/fr\/#\/schema\/logo\/image\/","url":"https:\/\/stilfibra.com\/wp-content\/uploads\/2023\/09\/logo-stilfibra.png","contentUrl":"https:\/\/stilfibra.com\/wp-content\/uploads\/2023\/09\/logo-stilfibra.png","width":3334,"height":693,"caption":"Stilfibra"},"image":{"@id":"https:\/\/stilfibra.com\/fr\/#\/schema\/logo\/image\/"},"sameAs":["https:\/\/www.facebook.com\/Stilfibra?locale=it_IT","https:\/\/www.instagram.com\/stilfibra\/"]}]}},"acf":[],"_links":{"self":[{"href":"https:\/\/stilfibra.com\/fr\/wp-json\/wp\/v2\/pages\/2531","targetHints":{"allow":["GET"]}}],"collection":[{"href":"https:\/\/stilfibra.com\/fr\/wp-json\/wp\/v2\/pages"}],"about":[{"href":"https:\/\/stilfibra.com\/fr\/wp-json\/wp\/v2\/types\/page"}],"author":[{"embeddable":true,"href":"https:\/\/stilfibra.com\/fr\/wp-json\/wp\/v2\/users\/2"}],"replies":[{"embeddable":true,"href":"https:\/\/stilfibra.com\/fr\/wp-json\/wp\/v2\/comments?post=2531"}],"version-history":[{"count":3,"href":"https:\/\/stilfibra.com\/fr\/wp-json\/wp\/v2\/pages\/2531\/revisions"}],"predecessor-version":[{"id":2534,"href":"https:\/\/stilfibra.com\/fr\/wp-json\/wp\/v2\/pages\/2531\/revisions\/2534"}],"wp:featuredmedia":[{"embeddable":true,"href":"https:\/\/stilfibra.com\/fr\/wp-json\/wp\/v2\/media\/2148"}],"wp:attachment":[{"href":"https:\/\/stilfibra.com\/fr\/wp-json\/wp\/v2\/media?parent=2531"}],"curies":[{"name":"wp","href":"https:\/\/api.w.org\/{rel}","templated":true}]}}