{"id":2688,"date":"2023-09-15T10:34:55","date_gmt":"2023-09-15T08:34:55","guid":{"rendered":"https:\/\/stilfibra.com\/news\/"},"modified":"2025-01-08T12:21:51","modified_gmt":"2025-01-08T11:21:51","slug":"news","status":"publish","type":"page","link":"https:\/\/stilfibra.com\/fr\/news\/","title":{"rendered":"News"},"content":{"rendered":"","protected":false},"excerpt":{"rendered":"","protected":false},"author":2,"featured_media":2260,"parent":0,"menu_order":0,"comment_status":"closed","ping_status":"closed","template":"","meta":{"footnotes":""},"class_list":["post-2688","page","type-page","status-publish","has-post-thumbnail","hentry"],"yoast_head":"<!-- This site is optimized with the Yoast SEO plugin v22.9 - https:\/\/yoast.com\/wordpress\/plugins\/seo\/ -->\n<title>News - StilFibra<\/title>\n<meta name=\"description\" content=\"Nouvelles du monde Stilfibra. Lisez tout sur Stilfibra, les salons, les \u00e9v\u00e9nements, et plus encore, et abonnez-vous \u00e0 notre Newsletter.\" \/>\n<meta name=\"robots\" content=\"index, follow, max-snippet:-1, max-image-preview:large, max-video-preview:-1\" \/>\n<link rel=\"canonical\" href=\"https:\/\/stilfibra.com\/fr\/news\/\" \/>\n<meta property=\"og:locale\" content=\"fr_FR\" \/>\n<meta property=\"og:type\" content=\"article\" \/>\n<meta property=\"og:title\" content=\"News - StilFibra\" \/>\n<meta property=\"og:description\" content=\"Nouvelles du monde Stilfibra. Lisez tout sur Stilfibra, les salons, les \u00e9v\u00e9nements, et plus encore, et abonnez-vous \u00e0 notre Newsletter.\" \/>\n<meta property=\"og:url\" content=\"https:\/\/stilfibra.com\/fr\/news\/\" \/>\n<meta property=\"og:site_name\" content=\"StilFibra\" \/>\n<meta property=\"article:publisher\" content=\"https:\/\/www.facebook.com\/Stilfibra?locale=it_IT\" \/>\n<meta property=\"article:modified_time\" content=\"2025-01-08T11:21:51+00:00\" \/>\n<meta property=\"og:image\" content=\"https:\/\/stilfibra.com\/wp-content\/uploads\/2023\/09\/news-interna-stilfibra-1024x458.jpg\" \/>\n\t<meta property=\"og:image:width\" content=\"1024\" \/>\n\t<meta property=\"og:image:height\" content=\"458\" \/>\n\t<meta property=\"og:image:type\" content=\"image\/jpeg\" \/>\n<meta name=\"twitter:card\" content=\"summary_large_image\" \/>\n<meta name=\"twitter:label1\" content=\"Dur\u00e9e de lecture estim\u00e9e\" \/>\n\t<meta name=\"twitter:data1\" content=\"1 minute\" \/>\n<script type=\"application\/ld+json\" class=\"yoast-schema-graph\">{\"@context\":\"https:\/\/schema.org\",\"@graph\":[{\"@type\":\"WebPage\",\"@id\":\"https:\/\/stilfibra.com\/fr\/news\/\",\"url\":\"https:\/\/stilfibra.com\/fr\/news\/\",\"name\":\"News - StilFibra\",\"isPartOf\":{\"@id\":\"https:\/\/stilfibra.com\/fr\/#website\"},\"primaryImageOfPage\":{\"@id\":\"https:\/\/stilfibra.com\/fr\/news\/#primaryimage\"},\"image\":{\"@id\":\"https:\/\/stilfibra.com\/fr\/news\/#primaryimage\"},\"thumbnailUrl\":\"https:\/\/stilfibra.com\/wp-content\/uploads\/2023\/09\/news-interna-stilfibra.jpg\",\"datePublished\":\"2023-09-15T08:34:55+00:00\",\"dateModified\":\"2025-01-08T11:21:51+00:00\",\"description\":\"Nouvelles du monde Stilfibra. Lisez tout sur Stilfibra, les salons, les \u00e9v\u00e9nements, et plus encore, et abonnez-vous \u00e0 notre Newsletter.\",\"breadcrumb\":{\"@id\":\"https:\/\/stilfibra.com\/fr\/news\/#breadcrumb\"},\"inLanguage\":\"fr-FR\",\"potentialAction\":[{\"@type\":\"ReadAction\",\"target\":[\"https:\/\/stilfibra.com\/fr\/news\/\"]}]},{\"@type\":\"ImageObject\",\"inLanguage\":\"fr-FR\",\"@id\":\"https:\/\/stilfibra.com\/fr\/news\/#primaryimage\",\"url\":\"https:\/\/stilfibra.com\/wp-content\/uploads\/2023\/09\/news-interna-stilfibra.jpg\",\"contentUrl\":\"https:\/\/stilfibra.com\/wp-content\/uploads\/2023\/09\/news-interna-stilfibra.jpg\",\"width\":2560,\"height\":1146},{\"@type\":\"BreadcrumbList\",\"@id\":\"https:\/\/stilfibra.com\/fr\/news\/#breadcrumb\",\"itemListElement\":[{\"@type\":\"ListItem\",\"position\":1,\"name\":\"Home\",\"item\":\"https:\/\/stilfibra.com\/fr\/\"},{\"@type\":\"ListItem\",\"position\":2,\"name\":\"News\"}]},{\"@type\":\"WebSite\",\"@id\":\"https:\/\/stilfibra.com\/fr\/#website\",\"url\":\"https:\/\/stilfibra.com\/fr\/\",\"name\":\"Stilfibra\",\"description\":\"StilFibra\",\"publisher\":{\"@id\":\"https:\/\/stilfibra.com\/fr\/#organization\"},\"potentialAction\":[{\"@type\":\"SearchAction\",\"target\":{\"@type\":\"EntryPoint\",\"urlTemplate\":\"https:\/\/stilfibra.com\/fr\/?s={search_term_string}\"},\"query-input\":\"required name=search_term_string\"}],\"inLanguage\":\"fr-FR\"},{\"@type\":\"Organization\",\"@id\":\"https:\/\/stilfibra.com\/fr\/#organization\",\"name\":\"Stilfibra\",\"url\":\"https:\/\/stilfibra.com\/fr\/\",\"logo\":{\"@type\":\"ImageObject\",\"inLanguage\":\"fr-FR\",\"@id\":\"https:\/\/stilfibra.com\/fr\/#\/schema\/logo\/image\/\",\"url\":\"https:\/\/stilfibra.com\/wp-content\/uploads\/2023\/09\/logo-stilfibra.png\",\"contentUrl\":\"https:\/\/stilfibra.com\/wp-content\/uploads\/2023\/09\/logo-stilfibra.png\",\"width\":3334,\"height\":693,\"caption\":\"Stilfibra\"},\"image\":{\"@id\":\"https:\/\/stilfibra.com\/fr\/#\/schema\/logo\/image\/\"},\"sameAs\":[\"https:\/\/www.facebook.com\/Stilfibra?locale=it_IT\",\"https:\/\/www.instagram.com\/stilfibra\/\"]}]}<\/script>\n<!-- \/ Yoast SEO plugin. -->","yoast_head_json":{"title":"News - StilFibra","description":"Nouvelles du monde Stilfibra. Lisez tout sur Stilfibra, les salons, les \u00e9v\u00e9nements, et plus encore, et abonnez-vous \u00e0 notre Newsletter.","robots":{"index":"index","follow":"follow","max-snippet":"max-snippet:-1","max-image-preview":"max-image-preview:large","max-video-preview":"max-video-preview:-1"},"canonical":"https:\/\/stilfibra.com\/fr\/news\/","og_locale":"fr_FR","og_type":"article","og_title":"News - StilFibra","og_description":"Nouvelles du monde Stilfibra. Lisez tout sur Stilfibra, les salons, les \u00e9v\u00e9nements, et plus encore, et abonnez-vous \u00e0 notre Newsletter.","og_url":"https:\/\/stilfibra.com\/fr\/news\/","og_site_name":"StilFibra","article_publisher":"https:\/\/www.facebook.com\/Stilfibra?locale=it_IT","article_modified_time":"2025-01-08T11:21:51+00:00","og_image":[{"width":1024,"height":458,"url":"https:\/\/stilfibra.com\/wp-content\/uploads\/2023\/09\/news-interna-stilfibra-1024x458.jpg","type":"image\/jpeg"}],"twitter_card":"summary_large_image","twitter_misc":{"Dur\u00e9e de lecture estim\u00e9e":"1 minute"},"schema":{"@context":"https:\/\/schema.org","@graph":[{"@type":"WebPage","@id":"https:\/\/stilfibra.com\/fr\/news\/","url":"https:\/\/stilfibra.com\/fr\/news\/","name":"News - StilFibra","isPartOf":{"@id":"https:\/\/stilfibra.com\/fr\/#website"},"primaryImageOfPage":{"@id":"https:\/\/stilfibra.com\/fr\/news\/#primaryimage"},"image":{"@id":"https:\/\/stilfibra.com\/fr\/news\/#primaryimage"},"thumbnailUrl":"https:\/\/stilfibra.com\/wp-content\/uploads\/2023\/09\/news-interna-stilfibra.jpg","datePublished":"2023-09-15T08:34:55+00:00","dateModified":"2025-01-08T11:21:51+00:00","description":"Nouvelles du monde Stilfibra. Lisez tout sur Stilfibra, les salons, les \u00e9v\u00e9nements, et plus encore, et abonnez-vous \u00e0 notre Newsletter.","breadcrumb":{"@id":"https:\/\/stilfibra.com\/fr\/news\/#breadcrumb"},"inLanguage":"fr-FR","potentialAction":[{"@type":"ReadAction","target":["https:\/\/stilfibra.com\/fr\/news\/"]}]},{"@type":"ImageObject","inLanguage":"fr-FR","@id":"https:\/\/stilfibra.com\/fr\/news\/#primaryimage","url":"https:\/\/stilfibra.com\/wp-content\/uploads\/2023\/09\/news-interna-stilfibra.jpg","contentUrl":"https:\/\/stilfibra.com\/wp-content\/uploads\/2023\/09\/news-interna-stilfibra.jpg","width":2560,"height":1146},{"@type":"BreadcrumbList","@id":"https:\/\/stilfibra.com\/fr\/news\/#breadcrumb","itemListElement":[{"@type":"ListItem","position":1,"name":"Home","item":"https:\/\/stilfibra.com\/fr\/"},{"@type":"ListItem","position":2,"name":"News"}]},{"@type":"WebSite","@id":"https:\/\/stilfibra.com\/fr\/#website","url":"https:\/\/stilfibra.com\/fr\/","name":"Stilfibra","description":"StilFibra","publisher":{"@id":"https:\/\/stilfibra.com\/fr\/#organization"},"potentialAction":[{"@type":"SearchAction","target":{"@type":"EntryPoint","urlTemplate":"https:\/\/stilfibra.com\/fr\/?s={search_term_string}"},"query-input":"required name=search_term_string"}],"inLanguage":"fr-FR"},{"@type":"Organization","@id":"https:\/\/stilfibra.com\/fr\/#organization","name":"Stilfibra","url":"https:\/\/stilfibra.com\/fr\/","logo":{"@type":"ImageObject","inLanguage":"fr-FR","@id":"https:\/\/stilfibra.com\/fr\/#\/schema\/logo\/image\/","url":"https:\/\/stilfibra.com\/wp-content\/uploads\/2023\/09\/logo-stilfibra.png","contentUrl":"https:\/\/stilfibra.com\/wp-content\/uploads\/2023\/09\/logo-stilfibra.png","width":3334,"height":693,"caption":"Stilfibra"},"image":{"@id":"https:\/\/stilfibra.com\/fr\/#\/schema\/logo\/image\/"},"sameAs":["https:\/\/www.facebook.com\/Stilfibra?locale=it_IT","https:\/\/www.instagram.com\/stilfibra\/"]}]}},"acf":[],"_links":{"self":[{"href":"https:\/\/stilfibra.com\/fr\/wp-json\/wp\/v2\/pages\/2688","targetHints":{"allow":["GET"]}}],"collection":[{"href":"https:\/\/stilfibra.com\/fr\/wp-json\/wp\/v2\/pages"}],"about":[{"href":"https:\/\/stilfibra.com\/fr\/wp-json\/wp\/v2\/types\/page"}],"author":[{"embeddable":true,"href":"https:\/\/stilfibra.com\/fr\/wp-json\/wp\/v2\/users\/2"}],"replies":[{"embeddable":true,"href":"https:\/\/stilfibra.com\/fr\/wp-json\/wp\/v2\/comments?post=2688"}],"version-history":[{"count":2,"href":"https:\/\/stilfibra.com\/fr\/wp-json\/wp\/v2\/pages\/2688\/revisions"}],"predecessor-version":[{"id":2690,"href":"https:\/\/stilfibra.com\/fr\/wp-json\/wp\/v2\/pages\/2688\/revisions\/2690"}],"wp:featuredmedia":[{"embeddable":true,"href":"https:\/\/stilfibra.com\/fr\/wp-json\/wp\/v2\/media\/2260"}],"wp:attachment":[{"href":"https:\/\/stilfibra.com\/fr\/wp-json\/wp\/v2\/media?parent=2688"}],"curies":[{"name":"wp","href":"https:\/\/api.w.org\/{rel}","templated":true}]}}